{"id":842,"date":"2022-04-11T21:52:17","date_gmt":"2022-04-11T21:52:17","guid":{"rendered":"https:\/\/www.heli-x.info\/cms\/de\/?page_id=842"},"modified":"2022-04-11T21:55:31","modified_gmt":"2022-04-11T21:55:31","slug":"auggies-videos","status":"publish","type":"page","link":"https:\/\/www.heli-x.info\/cms\/de\/auggies-videos\/","title":{"rendered":"Auggie&#8217;s Videos"},"content":{"rendered":"\n<p>Auggie hat einige Videos produziert \u00fcber HELI-X oder mit HELI-X. Insbesondere \u00fcber seine <strong>Instinctive RC Helicopter Flying Method<\/strong>. Vielen Dank daf\u00fcr. Gerne verlinkes wir sie hier.<\/p>\n\n\n\n<figure class=\"wp-block-embed-youtube wp-block-embed is-type-video is-provider-youtube wp-embed-aspect-16-9 wp-has-aspect-ratio\"><div class=\"wp-block-embed__wrapper\">\n<iframe loading=\"lazy\" title=\"Episode 3 Setting up the Heli X Sim. Auggie&#039;s RC Helicopter Instinctive Flying Method\" width=\"610\" height=\"343\" src=\"https:\/\/www.youtube.com\/embed\/02XN6N6bnLw?feature=oembed\" frameborder=\"0\" allow=\"accelerometer; autoplay; clipboard-write; encrypted-media; gyroscope; picture-in-picture; web-share\" referrerpolicy=\"strict-origin-when-cross-origin\" allowfullscreen><\/iframe>\n<\/div><\/figure>\n\n\n\n<figure class=\"wp-block-embed-youtube wp-block-embed is-type-video is-provider-youtube wp-embed-aspect-16-9 wp-has-aspect-ratio\"><div class=\"wp-block-embed__wrapper\">\n<iframe loading=\"lazy\" title=\"Addendum to Episode 3 Flight modes on Heli-X. Auggie&#039;s RC Helicopter Instinctive Flying Method.\" width=\"610\" height=\"343\" src=\"https:\/\/www.youtube.com\/embed\/TJyoSWrooz0?feature=oembed\" frameborder=\"0\" allow=\"accelerometer; autoplay; clipboard-write; encrypted-media; gyroscope; picture-in-picture; web-share\" referrerpolicy=\"strict-origin-when-cross-origin\" allowfullscreen><\/iframe>\n<\/div><\/figure>\n\n\n\n<figure class=\"wp-block-embed-youtube wp-block-embed is-type-video is-provider-youtube wp-embed-aspect-16-9 wp-has-aspect-ratio\"><div class=\"wp-block-embed__wrapper\">\n<iframe loading=\"lazy\" title=\"Episode 4 Piro Flying, demystifying pirouettes. Auggie&#039;s RC Helicopter Instinctive Flying Method\" width=\"610\" height=\"343\" src=\"https:\/\/www.youtube.com\/embed\/eDBa4HftV9s?feature=oembed\" frameborder=\"0\" allow=\"accelerometer; autoplay; clipboard-write; encrypted-media; gyroscope; picture-in-picture; web-share\" referrerpolicy=\"strict-origin-when-cross-origin\" allowfullscreen><\/iframe>\n<\/div><\/figure>\n\n\n\n<figure class=\"wp-block-embed-youtube wp-block-embed is-type-video is-provider-youtube wp-embed-aspect-16-9 wp-has-aspect-ratio\"><div class=\"wp-block-embed__wrapper\">\n<iframe loading=\"lazy\" title=\"Addendum to Episode 4 What&#039;s Auggie&#039;s Dynamic Ring for? . Auggie&#039;s Instinctive Flying Method.\" width=\"610\" height=\"343\" src=\"https:\/\/www.youtube.com\/embed\/hzAdZNYWK30?feature=oembed\" frameborder=\"0\" allow=\"accelerometer; autoplay; clipboard-write; encrypted-media; gyroscope; picture-in-picture; web-share\" referrerpolicy=\"strict-origin-when-cross-origin\" allowfullscreen><\/iframe>\n<\/div><\/figure>\n\n\n\n<figure class=\"wp-block-embed-youtube wp-block-embed is-type-video is-provider-youtube wp-embed-aspect-16-9 wp-has-aspect-ratio\"><div class=\"wp-block-embed__wrapper\">\n<iframe loading=\"lazy\" title=\"Episode 5 Perceiving a Front Facing Heli correctly. Auggie&#039;s RC Helicopter Instinctive Flying Method\" width=\"610\" height=\"343\" src=\"https:\/\/www.youtube.com\/embed\/j1rpEPVoRtw?feature=oembed\" frameborder=\"0\" allow=\"accelerometer; autoplay; clipboard-write; encrypted-media; gyroscope; picture-in-picture; web-share\" referrerpolicy=\"strict-origin-when-cross-origin\" allowfullscreen><\/iframe>\n<\/div><\/figure>\n\n\n\n<figure class=\"wp-block-embed-youtube wp-block-embed is-type-video is-provider-youtube wp-embed-aspect-16-9 wp-has-aspect-ratio\"><div class=\"wp-block-embed__wrapper\">\n<iframe loading=\"lazy\" title=\"Ep:6 Renaming the Rudder Stick to Near Far Stick . Auggie&#039;s RC Helicopter Instinctive Flying Method\" width=\"610\" height=\"343\" src=\"https:\/\/www.youtube.com\/embed\/gpYqjpMPDzM?feature=oembed\" frameborder=\"0\" allow=\"accelerometer; autoplay; clipboard-write; encrypted-media; gyroscope; picture-in-picture; web-share\" referrerpolicy=\"strict-origin-when-cross-origin\" allowfullscreen><\/iframe>\n<\/div><\/figure>\n\n\n\n<figure class=\"wp-block-embed-youtube wp-block-embed is-type-video is-provider-youtube wp-embed-aspect-16-9 wp-has-aspect-ratio\"><div class=\"wp-block-embed__wrapper\">\n<iframe loading=\"lazy\" title=\"Episode 7 Piroflips and Chaos what they are and what they&#039;re not. Auggie  Instinctive Flying Method\" width=\"610\" height=\"343\" src=\"https:\/\/www.youtube.com\/embed\/aowIbZLc7uo?feature=oembed\" frameborder=\"0\" allow=\"accelerometer; autoplay; clipboard-write; encrypted-media; gyroscope; picture-in-picture; web-share\" referrerpolicy=\"strict-origin-when-cross-origin\" allowfullscreen><\/iframe>\n<\/div><\/figure>\n\n\n\n<figure class=\"wp-block-embed-youtube wp-block-embed is-type-video is-provider-youtube wp-embed-aspect-16-9 wp-has-aspect-ratio\"><div class=\"wp-block-embed__wrapper\">\n<iframe loading=\"lazy\" title=\"Episode 8: The Importance of Timing. Auggie&#039;s RC Helicopter Instinctive Flying Method\" width=\"610\" height=\"343\" src=\"https:\/\/www.youtube.com\/embed\/gqR1JJdcRwc?feature=oembed\" frameborder=\"0\" allow=\"accelerometer; autoplay; clipboard-write; encrypted-media; gyroscope; picture-in-picture; web-share\" referrerpolicy=\"strict-origin-when-cross-origin\" allowfullscreen><\/iframe>\n<\/div><\/figure>\n","protected":false},"excerpt":{"rendered":"<p>Auggie hat einige Videos produziert \u00fcber HELI-X oder mit HELI-X. Insbesondere \u00fcber seine Instinctive RC Helicopter Flying Method. Vielen Dank daf\u00fcr. Gerne verlinkes wir sie hier.<\/p>\n","protected":false},"author":1,"featured_media":0,"parent":0,"menu_order":0,"comment_status":"closed","ping_status":"closed","template":"","meta":{"ngg_post_thumbnail":0,"footnotes":""},"class_list":["post-842","page","type-page","status-publish","hentry"],"_links":{"self":[{"href":"https:\/\/www.heli-x.info\/cms\/de\/wp-json\/wp\/v2\/pages\/842","targetHints":{"allow":["GET"]}}],"collection":[{"href":"https:\/\/www.heli-x.info\/cms\/de\/wp-json\/wp\/v2\/pages"}],"about":[{"href":"https:\/\/www.heli-x.info\/cms\/de\/wp-json\/wp\/v2\/types\/page"}],"author":[{"embeddable":true,"href":"https:\/\/www.heli-x.info\/cms\/de\/wp-json\/wp\/v2\/users\/1"}],"replies":[{"embeddable":true,"href":"https:\/\/www.heli-x.info\/cms\/de\/wp-json\/wp\/v2\/comments?post=842"}],"version-history":[{"count":2,"href":"https:\/\/www.heli-x.info\/cms\/de\/wp-json\/wp\/v2\/pages\/842\/revisions"}],"predecessor-version":[{"id":852,"href":"https:\/\/www.heli-x.info\/cms\/de\/wp-json\/wp\/v2\/pages\/842\/revisions\/852"}],"wp:attachment":[{"href":"https:\/\/www.heli-x.info\/cms\/de\/wp-json\/wp\/v2\/media?parent=842"}],"curies":[{"name":"wp","href":"https:\/\/api.w.org\/{rel}","templated":true}]}}