{"id":773,"date":"2021-06-28T22:54:40","date_gmt":"2021-06-28T22:54:40","guid":{"rendered":"https:\/\/www.heli-x.info\/cms\/de\/?page_id=773"},"modified":"2021-12-11T10:13:37","modified_gmt":"2021-12-11T10:13:37","slug":"donation","status":"publish","type":"page","link":"https:\/\/www.heli-x.info\/cms\/de\/donation\/","title":{"rendered":"Donation"},"content":{"rendered":"\n<p>Alle Updates von HELI-X sind kostenlos verf\u00fcgbar. Immer \u00f6fter werden wir von zufriedenen HELI-X-Nutzern gefragt, wie man uns etwas spenden kann. Hier ist die M\u00f6glichkeit dazu. Herzlichen Dank!<\/p>\n\n\n\n<p><\/p>\n<p>\n<\/p>\n<form action=\"https:\/\/www.paypal.com\/donate\" method=\"post\" target=\"_top\">\n<input type=\"hidden\" name=\"hosted_button_id\" value=\"HA8JNDQ4WZUJE\" \/>\n<input type=\"image\" src=\"https:\/\/www.paypalobjects.com\/en_US\/DK\/i\/btn\/btn_donateCC_LG.gif\" border=\"0\" name=\"submit\" title=\"PayPal - The safer, easier way to pay online!\" alt=\"Donate with PayPal button\" \/>\n<img loading=\"lazy\" decoding=\"async\" alt=\"\" border=\"0\" src=\"https:\/\/www.paypal.com\/en_DE\/i\/scr\/pixel.gif\" width=\"1\" height=\"1\" \/>\n<\/form>\n","protected":false},"excerpt":{"rendered":"<p>Alle Updates von HELI-X sind kostenlos verf\u00fcgbar. Immer \u00f6fter werden wir von zufriedenen HELI-X-Nutzern gefragt, wie man uns etwas spenden kann. Hier ist die M\u00f6glichkeit dazu. Herzlichen Dank!<\/p>\n","protected":false},"author":1,"featured_media":0,"parent":0,"menu_order":0,"comment_status":"closed","ping_status":"closed","template":"","meta":{"ngg_post_thumbnail":0,"footnotes":""},"class_list":["post-773","page","type-page","status-publish","hentry"],"_links":{"self":[{"href":"https:\/\/www.heli-x.info\/cms\/de\/wp-json\/wp\/v2\/pages\/773","targetHints":{"allow":["GET"]}}],"collection":[{"href":"https:\/\/www.heli-x.info\/cms\/de\/wp-json\/wp\/v2\/pages"}],"about":[{"href":"https:\/\/www.heli-x.info\/cms\/de\/wp-json\/wp\/v2\/types\/page"}],"author":[{"embeddable":true,"href":"https:\/\/www.heli-x.info\/cms\/de\/wp-json\/wp\/v2\/users\/1"}],"replies":[{"embeddable":true,"href":"https:\/\/www.heli-x.info\/cms\/de\/wp-json\/wp\/v2\/comments?post=773"}],"version-history":[{"count":2,"href":"https:\/\/www.heli-x.info\/cms\/de\/wp-json\/wp\/v2\/pages\/773\/revisions"}],"predecessor-version":[{"id":800,"href":"https:\/\/www.heli-x.info\/cms\/de\/wp-json\/wp\/v2\/pages\/773\/revisions\/800"}],"wp:attachment":[{"href":"https:\/\/www.heli-x.info\/cms\/de\/wp-json\/wp\/v2\/media?parent=773"}],"curies":[{"name":"wp","href":"https:\/\/api.w.org\/{rel}","templated":true}]}}