{"id":75,"date":"2015-04-08T22:03:24","date_gmt":"2015-04-08T22:03:24","guid":{"rendered":"http:\/\/www.heli-x.info\/cms\/de\/?page_id=75"},"modified":"2019-07-23T13:15:10","modified_gmt":"2019-07-23T13:15:10","slug":"flugplatze-skybox","status":"publish","type":"page","link":"https:\/\/www.heli-x.info\/cms\/de\/flugplatze-skybox\/","title":{"rendered":"Welche Flugpl\u00e4tze gibt es f\u00fcr den Helikopter-Simulator HELI-X?"},"content":{"rendered":"<h4>Flugpl\u00e4tze vom Typ SkyBox<\/h4>\n<p>Einige Bilder von Flugpl\u00e4tzen vom Typ SkyBox.<\/p>\nngg_shortcode_0_placeholder\n","protected":false},"excerpt":{"rendered":"<p>Flugpl\u00e4tze vom Typ SkyBox Einige Bilder von Flugpl\u00e4tzen vom Typ SkyBox.<\/p>\n","protected":false},"author":1,"featured_media":0,"parent":0,"menu_order":0,"comment_status":"closed","ping_status":"closed","template":"","meta":{"ngg_post_thumbnail":0,"footnotes":""},"class_list":["post-75","page","type-page","status-publish","hentry"],"_links":{"self":[{"href":"https:\/\/www.heli-x.info\/cms\/de\/wp-json\/wp\/v2\/pages\/75","targetHints":{"allow":["GET"]}}],"collection":[{"href":"https:\/\/www.heli-x.info\/cms\/de\/wp-json\/wp\/v2\/pages"}],"about":[{"href":"https:\/\/www.heli-x.info\/cms\/de\/wp-json\/wp\/v2\/types\/page"}],"author":[{"embeddable":true,"href":"https:\/\/www.heli-x.info\/cms\/de\/wp-json\/wp\/v2\/users\/1"}],"replies":[{"embeddable":true,"href":"https:\/\/www.heli-x.info\/cms\/de\/wp-json\/wp\/v2\/comments?post=75"}],"version-history":[{"count":4,"href":"https:\/\/www.heli-x.info\/cms\/de\/wp-json\/wp\/v2\/pages\/75\/revisions"}],"predecessor-version":[{"id":605,"href":"https:\/\/www.heli-x.info\/cms\/de\/wp-json\/wp\/v2\/pages\/75\/revisions\/605"}],"wp:attachment":[{"href":"https:\/\/www.heli-x.info\/cms\/de\/wp-json\/wp\/v2\/media?parent=75"}],"curies":[{"name":"wp","href":"https:\/\/api.w.org\/{rel}","templated":true}]}}