{"id":58,"date":"2015-04-08T21:43:33","date_gmt":"2015-04-08T21:43:33","guid":{"rendered":"http:\/\/www.heli-x.info\/cms\/de\/?page_id=58"},"modified":"2026-03-22T06:17:13","modified_gmt":"2026-03-22T06:17:13","slug":"registrieren","status":"publish","type":"page","link":"https:\/\/www.heli-x.info\/cms\/de\/registrieren\/","title":{"rendered":"Wie kann man HELI-X registrieren? Was kostet es?"},"content":{"rendered":"\n<h4 class=\"wp-block-heading\">Registrieren<\/h4>\n\n\n\n<h4 class=\"wp-block-heading\">Was bekommt man?<\/h4>\n\n\n\n<p>Mit der Registrierung von HELI-X erhalten Sie:<\/p>\n\n\n\n<ul class=\"wp-block-list\">\n<li>Die Erlaubnis, HELI-X uneingschr\u00e4nkt auf Ihren privaten Rechnern zu privaten Zwecken nutzen zu k\u00f6nnen.<\/li>\n\n\n\n<li>Eine Garantie, dass Updates, wenn sie verf\u00fcgbar sind, kostenlos sind.<\/li>\n<\/ul>\n\n\n\n<h4 class=\"wp-block-heading\">Voraussetzung<\/h4>\n\n\n\n<p>Vorab sollten Sie sicherstellen, dass die Demoversion von HELI-X l\u00e4uft. Dann wird auch die uneingeschr\u00e4nkte Version von HELI-X laufen.<\/p>\n\n\n\n<h4 class=\"wp-block-heading\">Wie geht es?<\/h4>\n\n\n\n<p>Die Geb\u00fchr zur Registrierung betr\u00e4gt 72,59 Euro. Darin ist die gesetzliche Mehrwertsteuer enthalten.<br>Bezahlt werden kann mit Paypal, Kreditkarten, Apple Pay oder auch SEPA:<\/p>\n\n\n\n<form action=\"https:\/\/www.paypal.com\/cgi-bin\/webscr\" method=\"post\" target=\"_top\">\n  <input type=\"hidden\" name=\"cmd\" value=\"_s-xclick\" \/>\n  <input type=\"hidden\" name=\"hosted_button_id\" value=\"U5NHDWB5YRFQS\" \/>\n  <input type=\"hidden\" name=\"currency_code\" value=\"EUR\" \/>\n  <input type=\"image\" src=\"https:\/\/www.paypalobjects.com\/de_DE\/i\/btn\/btn_buynowCC_LG.gif\" border=\"0\" name=\"submit\" title=\"PayPal \u2013 Einfacher und sicherer online bezahlen.\" alt=\"Jetzt kaufen\" \/>\n<\/form>\n\n\n\n<p>Au\u00dferdem senden Sie bitte eine Email an <a href=\"mailto:info@heli-x.net\">info@heli-x.net<\/a> mit Angabe Ihrer Adresse und einer Email-Adresse, an die die Updates geschickt werden k\u00f6nnen.<\/p>\n\n\n\n<p>Die Email mit der Aktivierung wird dann innerhalb von 24 Stunden verschickt.<\/p>\n\n\n\n<p><\/p>\n","protected":false},"excerpt":{"rendered":"<p>Registrieren Was bekommt man? Mit der Registrierung von HELI-X erhalten Sie: Voraussetzung Vorab sollten Sie sicherstellen, dass die Demoversion von HELI-X l\u00e4uft. Dann wird auch die uneingeschr\u00e4nkte Version von HELI-X laufen. Wie geht es? Die Geb\u00fchr zur Registrierung betr\u00e4gt 72,59 Euro. Darin ist die gesetzliche Mehrwertsteuer enthalten.Bezahlt werden kann mit Paypal, Kreditkarten, Apple Pay oder [&hellip;]<\/p>\n","protected":false},"author":1,"featured_media":0,"parent":0,"menu_order":0,"comment_status":"closed","ping_status":"closed","template":"","meta":{"ngg_post_thumbnail":0,"footnotes":""},"class_list":["post-58","page","type-page","status-publish","hentry"],"_links":{"self":[{"href":"https:\/\/www.heli-x.info\/cms\/de\/wp-json\/wp\/v2\/pages\/58","targetHints":{"allow":["GET"]}}],"collection":[{"href":"https:\/\/www.heli-x.info\/cms\/de\/wp-json\/wp\/v2\/pages"}],"about":[{"href":"https:\/\/www.heli-x.info\/cms\/de\/wp-json\/wp\/v2\/types\/page"}],"author":[{"embeddable":true,"href":"https:\/\/www.heli-x.info\/cms\/de\/wp-json\/wp\/v2\/users\/1"}],"replies":[{"embeddable":true,"href":"https:\/\/www.heli-x.info\/cms\/de\/wp-json\/wp\/v2\/comments?post=58"}],"version-history":[{"count":22,"href":"https:\/\/www.heli-x.info\/cms\/de\/wp-json\/wp\/v2\/pages\/58\/revisions"}],"predecessor-version":[{"id":1066,"href":"https:\/\/www.heli-x.info\/cms\/de\/wp-json\/wp\/v2\/pages\/58\/revisions\/1066"}],"wp:attachment":[{"href":"https:\/\/www.heli-x.info\/cms\/de\/wp-json\/wp\/v2\/media?parent=58"}],"curies":[{"name":"wp","href":"https:\/\/api.w.org\/{rel}","templated":true}]}}