{"id":54,"date":"2015-04-08T21:36:13","date_gmt":"2015-04-08T21:36:13","guid":{"rendered":"http:\/\/www.heli-x.info\/cms\/de\/?page_id=54"},"modified":"2026-01-27T12:50:30","modified_gmt":"2026-01-27T12:50:30","slug":"download","status":"publish","type":"page","link":"https:\/\/www.heli-x.info\/cms\/de\/download\/","title":{"rendered":"Download der kostenlosen Demoversion vom Flugsimulator  HELI-X."},"content":{"rendered":"<h4>Download von HELI-X Version 11.0<\/h4>\n<p>Die aktuellste Version von HELI-X bietet die beste Grafik. Es handelt sich um eine kostenlose Demoversion. Sie ist funktionsf\u00e4hig mit 2 Helikoptern, 2 Flugzeugen und einem Quadrokopter. Wenn sie gef\u00e4llt, kann sie zur Vollversion freigeschaltet werden.<\/p>\n<h5>&nbsp;<\/h5>\n\n\n<h5>Windows:<\/h5>\n\n\n\n<p><a href=\"https:\/\/www.heli-x.info\/2675\/setupHeli-X11_win64.exe\">Windows 64 bit<\/a><\/p>\n\n\n\n<p>Falls ein neuer ARM-Prozessor verwendet wird:<\/p>\n\n\n\n<p><a href=\"https:\/\/www.heli-x.info\/2675\/setupHeli-X11_arm64.exe\">Windows (ARM-Prozessor)<\/a><\/p>\n\n\n\n<p>Wenn es bei der Installation Schwierigkeiten gibt, bitte hier schauen: <a href=\"https:\/\/www.heli-x.info\/cms\/questions-and-answers-qa\/\">FAQ<\/a><\/p>\n\n\n\n<h5 class=\"wp-block-heading\"><\/h5>\n\n\n\n<h5>Mac OS-X<\/h5>\n\n\n\n<p><a href=\"https:\/\/www.heli-x.info\/2675\/HELI-X11.dmg\">Mac OS-X (Intel-Prozessor)<\/a><\/p>\n\n\n\n<p><a href=\"https:\/\/www.heli-x.info\/2675\/HELI-X11.dmg.zip\">Mac OS-X (zipped)<\/a><\/p>\n\n\n\n<p>Falls die Version 11 nicht auf dem Intel-Mac l\u00e4uft (es gibt vereinzelt Probleme mit dem Betriebssystem Sequoia 15.1 oder sp\u00e4ter), kann man auf Version 9 ausweichen:<\/p>\n\n\n\n<p><a href=\"https:\/\/www.heli-x.info\/2400\/HELI-X9.dmg\">Mac OS-X (Version 9)<\/a><\/p>\n\n\n\n<p><a href=\"https:\/\/www.heli-x.info\/2400\/HELI-X9.dmg.zip\">Mac OS-X (zipped)<\/a>.<\/p>\n\n\n\n<h5>Mac OS-X (ARM processor, M1, M2, M3, M4)<\/h5>\n\n\n\n<p>Es kann vorkommen, das HELI-X auf neuen Betriebssystemen wie Sequoia oder Tahoe nicht startet, da es nicht als signiert erkannt wird. Dann hilft, dieses Kommando einmalig in einem einem Terminal einzugeben:<\/p>\n\n\n\n<p>xattr -cr \/Applications\/HELI-X11.app<\/p>\n\n\n\n<p>Eine Anleitung dazu gibt es in diesem Video: <a href=\"https:\/\/youtu.be\/jCrOgid7Jfs\" target=\"_blank\" rel=\"noreferrer noopener\">https:\/\/youtu.be\/jCrOgid7Jfs<\/a><\/p>\n\n\n\n<p><a href=\"https:\/\/www.heli-x.info\/2675\/HELI-X11-arm.dmg\">Mac OS-X<\/a> (ARM-Prozessor)<\/p>\n\n\n\n<p><a href=\"https:\/\/www.heli-x.info\/2675\/HELI-X11-arm.dmg.zip\">Mac OS-X (zipped)<\/a> (ARM-Prozessor)<\/p>\n\n\n\n<p><\/p>\n\n\n\n<h5>Linux<\/h5>\n\n\n\n<p><a href=\"https:\/\/www.heli-x.info\/2675\/HELI-X11.tar.gz\">Linux<\/a><\/p>\n\n\n\n<p>\n\n\n\n\nAnforderungen: AMD\/ATI Radeon 9500, NVIDIA GeForce 5 FX, Intel GMA 4500, oder besser, mit OpenGL 2.0 oder besser. Der Download ist jeweils ca. 450 MB.\n<\/p>\n\n\n\n<h4 class=\"wp-block-heading\"><a name=\"Download4\"><\/a>Download von HELI-X Version 4.2<\/h4>\n\n\n\n<p>\nWenn die aktuelle Version auf der Hardware nicht l\u00e4uft, kann Version 4.2 verwendet werden. Die Grafik ben\u00f6tigt nur OpenGL 1.2. Sie kann auch auf \u00e4teren PowerPC-Macs verwendet werden. Es handelt sich um eine kostenlose Demoversion. Wenn sie gef\u00e4llt, kann sie zur Vollversion freigeschaltet werden. Der Downlaod ist jeweils ca. 600 MB.<\/p>\n\n\n\n<p>\n<a href=\"https:\/\/www.heli-x.info\/42\/setupHeli-X42.exe\" target=\"_blank\" rel=\"noopener noreferrer\">Windows 32 und 64 bit<\/a><\/p>\n\n\n\n<p>\n<a href=\"https:\/\/www.heli-x.info\/42\/HELI-X-4.2.dmg.zip\" target=\"_blank\" rel=\"noopener noreferrer\">Mac OS-X<\/a><\/p>\n\n\n\n<p>\n<a href=\"https:\/\/www.heli-x.info\/42\/HELI-X42.zip\" target=\"_blank\" rel=\"noopener noreferrer\">Linux<\/a><\/p>\n\n\n\n<h4 class=\"wp-block-heading\"><a name=\"DownloadHeliX\"><\/a>Download der (alten aber freien) HELI-X Version 0.9<\/h4>\n\n\n\n<p>\nHier kann man die erste Version 0.9 von HELI-X downloaden. Sie ist mehr aus historischen Gr\u00fcnden hier. Sie ist weder bei der Grafik noch bei der Physik auf dem neuesten Stand. Download jeweils ca. 100 MB.<\/p>\n\n\n\n<p>\n<a href=\"https:\/\/www.heli-x.info\/09\/heli-x-windows.zip\" target=\"_blank\" rel=\"noopener noreferrer\">Windows 32 und 64 bit<\/a><\/p>\n\n\n\n<p>\n<a href=\"https:\/\/www.heli-x.info\/09\/heli-x-macosx.zip\" target=\"_blank\" rel=\"noopener noreferrer\">Mac OS-X<\/a><\/p>\n\n\n\n<p>\n<a href=\"https:\/\/www.heli-x.info\/09\/heli-x-linux.zip\" target=\"_blank\" rel=\"noopener noreferrer\">Linux<\/a><\/p>\n\n\n\n<h4 class=\"wp-block-heading\"><a name=\"DownloadM\"><\/a>Andere Anbieter<\/h4>\n\n\n\n<p>Viele weitere Airports findet man auf <a href=\"https:\/\/www.szenerien.de\/index.php?option=com_content&amp;view=article&amp;id=54&amp;Itemid=60\" target=\"_blank\" rel=\"noopener noreferrer\">https:\/\/www.szenerien.de<\/a>,<\/p>\n\n\n\n<p><\/p>\n","protected":false},"excerpt":{"rendered":"<p>Download von HELI-X Version 11.0 Die aktuellste Version von HELI-X bietet die beste Grafik. Es handelt sich um eine kostenlose Demoversion. Sie ist funktionsf\u00e4hig mit 2 Helikoptern, 2 Flugzeugen und einem Quadrokopter. Wenn sie gef\u00e4llt, kann sie zur Vollversion freigeschaltet werden. &nbsp; Windows: Windows 64 bit Falls ein neuer ARM-Prozessor verwendet wird: Windows (ARM-Prozessor) Wenn [&hellip;]<\/p>\n","protected":false},"author":1,"featured_media":0,"parent":0,"menu_order":0,"comment_status":"closed","ping_status":"closed","template":"","meta":{"ngg_post_thumbnail":0,"footnotes":""},"class_list":["post-54","page","type-page","status-publish","hentry"],"_links":{"self":[{"href":"https:\/\/www.heli-x.info\/cms\/de\/wp-json\/wp\/v2\/pages\/54","targetHints":{"allow":["GET"]}}],"collection":[{"href":"https:\/\/www.heli-x.info\/cms\/de\/wp-json\/wp\/v2\/pages"}],"about":[{"href":"https:\/\/www.heli-x.info\/cms\/de\/wp-json\/wp\/v2\/types\/page"}],"author":[{"embeddable":true,"href":"https:\/\/www.heli-x.info\/cms\/de\/wp-json\/wp\/v2\/users\/1"}],"replies":[{"embeddable":true,"href":"https:\/\/www.heli-x.info\/cms\/de\/wp-json\/wp\/v2\/comments?post=54"}],"version-history":[{"count":46,"href":"https:\/\/www.heli-x.info\/cms\/de\/wp-json\/wp\/v2\/pages\/54\/revisions"}],"predecessor-version":[{"id":1057,"href":"https:\/\/www.heli-x.info\/cms\/de\/wp-json\/wp\/v2\/pages\/54\/revisions\/1057"}],"wp:attachment":[{"href":"https:\/\/www.heli-x.info\/cms\/de\/wp-json\/wp\/v2\/media?parent=54"}],"curies":[{"name":"wp","href":"https:\/\/api.w.org\/{rel}","templated":true}]}}