{"id":43,"date":"2015-04-08T21:20:05","date_gmt":"2015-04-08T21:20:05","guid":{"rendered":"http:\/\/www.heli-x.info\/cms\/de\/?page_id=43"},"modified":"2019-03-02T10:37:48","modified_gmt":"2019-03-02T10:37:48","slug":"funktionalitaten","status":"publish","type":"page","link":"https:\/\/www.heli-x.info\/cms\/de\/funktionalitaten\/","title":{"rendered":"Die Funktionalit\u00e4ten des Heli-Simulators HELI-X. Warum die Physik so gut funktioniert."},"content":{"rendered":"<h4>Funktionalit\u00e4ten<\/h4>\n<p>HELI-X ist ein professioneller Flugsimulator f\u00fcr R\/C-Hubschrauber, Flugzeuge und Multikopter.<\/p>\n<h4>Unsere Mission:<\/h4>\n<ul>\n<li>Die bestm\u00f6gliche Echtzeit-Physik, basierend auf modernen mathematischen Methoden. <a title=\"Physik\" href=\"http:\/\/www.heli-x.info\/cms\/de\/physik\/\">Mehr \u2026<\/a><\/li>\n<li>Verf\u00fcgbarkeit f\u00fcr Windows, Mac-OS X und Linux. <a title=\"Multi-Plattform\" href=\"http:\/\/www.heli-x.info\/cms\/de\/multi-plattform\/\">Mehr \u2026<\/a><\/li>\n<li>Viele Trainingsm\u00f6glichkeiten f\u00fcr Flugmodelle, so dass das t\u00e4gliche \u00dcben Spass macht. <a title=\"Training\" href=\"http:\/\/www.heli-x.info\/cms\/de\/trainings\/\">Mehr \u2026<\/a><\/li>\n<li>Fairer Preis und freie Updates. Mehr \u2026<\/li>\n<li>Funktionierende Demoversion, mit der wirklich getestet werden kann. Mehr \u2026<\/li>\n<\/ul>\n<h4>Was wird ben\u00f6tigt?<\/h4>\n<ul>\n<li>Ein USB-Interface, um den Sender an den Computer anzuschliessen.<\/li>\n<li>Oder ein USB-Controller\/Joystick.<\/li>\n<\/ul>\n<p>Mehr \u2026<\/p>\n<h4>Einfach testen!<\/h4>\n<p>HELI-X downloaden, installieren and fliegen! Die Demoversion ist kostenlos und lauff\u00e4hig.<\/p>\n","protected":false},"excerpt":{"rendered":"<p>Funktionalit\u00e4ten HELI-X ist ein professioneller Flugsimulator f\u00fcr R\/C-Hubschrauber, Flugzeuge und Multikopter. Unsere Mission: Die bestm\u00f6gliche Echtzeit-Physik, basierend auf modernen mathematischen Methoden. Mehr \u2026 Verf\u00fcgbarkeit f\u00fcr Windows, Mac-OS X und Linux. Mehr \u2026 Viele Trainingsm\u00f6glichkeiten f\u00fcr Flugmodelle, so dass das t\u00e4gliche \u00dcben Spass macht. Mehr \u2026 Fairer Preis und freie Updates. Mehr \u2026 Funktionierende Demoversion, mit [&hellip;]<\/p>\n","protected":false},"author":1,"featured_media":0,"parent":0,"menu_order":0,"comment_status":"closed","ping_status":"closed","template":"","meta":{"ngg_post_thumbnail":0,"footnotes":""},"class_list":["post-43","page","type-page","status-publish","hentry"],"_links":{"self":[{"href":"https:\/\/www.heli-x.info\/cms\/de\/wp-json\/wp\/v2\/pages\/43","targetHints":{"allow":["GET"]}}],"collection":[{"href":"https:\/\/www.heli-x.info\/cms\/de\/wp-json\/wp\/v2\/pages"}],"about":[{"href":"https:\/\/www.heli-x.info\/cms\/de\/wp-json\/wp\/v2\/types\/page"}],"author":[{"embeddable":true,"href":"https:\/\/www.heli-x.info\/cms\/de\/wp-json\/wp\/v2\/users\/1"}],"replies":[{"embeddable":true,"href":"https:\/\/www.heli-x.info\/cms\/de\/wp-json\/wp\/v2\/comments?post=43"}],"version-history":[{"count":3,"href":"https:\/\/www.heli-x.info\/cms\/de\/wp-json\/wp\/v2\/pages\/43\/revisions"}],"predecessor-version":[{"id":562,"href":"https:\/\/www.heli-x.info\/cms\/de\/wp-json\/wp\/v2\/pages\/43\/revisions\/562"}],"wp:attachment":[{"href":"https:\/\/www.heli-x.info\/cms\/de\/wp-json\/wp\/v2\/media?parent=43"}],"curies":[{"name":"wp","href":"https:\/\/api.w.org\/{rel}","templated":true}]}}