{"id":40,"date":"2015-04-08T21:10:51","date_gmt":"2015-04-08T21:10:51","guid":{"rendered":"http:\/\/www.heli-x.info\/cms\/de\/?page_id=40"},"modified":"2019-07-23T13:13:57","modified_gmt":"2019-07-23T13:13:57","slug":"online-multiplayer","status":"publish","type":"page","link":"https:\/\/www.heli-x.info\/cms\/de\/online-multiplayer\/","title":{"rendered":"Die Rolle des Internets f\u00fcr den Helikopter-Simulator HELI-X"},"content":{"rendered":"<h4>Online &#8211; Multiplayer<\/h4>\n<p>Der sogenannte Multiplayer-Modus erlaubt es in HELI-X, dass mehrere Piloten gemeinsam \u00fcber das Internet in einer Szene fliegen. So kann man gemeinsam mit anderen lernen und trainieren, chatten und einfach Spa\u00df haben. Innerhalb von HELI-X ist es m\u00f6glich, mit ein paar Mausklicks einen eigenen Game-Server zu starten. Damit kann man zum Beispiel auch im Heimnetzwerk eine Online-Session starten um mit seinen Kindern oder Freunden zusammen zu trainieren. Ein Game-Server kann auch ohne Grafik gestartet werden (unter Windows, Mac OS X oder Linux). Er ist schon in der Demoversion integriert und ben\u00f6tigt keine Lizenzierung. \u00dcbrigens ist die Multiplayer-Funktionalit\u00e4t schon in der Demoversion verf\u00fcgbar.<\/p>\n<p>Das Internet spielt \u00fcberhaupt eine gro\u00dfe Rolle bei HELI-X: Das Aktivieren des Programms, das Aktualisieren von Modellen, Flugpl\u00e4tzen, Szenen oder HELI-X-Videos geschieht \u00fcber das Netz. HELI-X gibt es nicht auf CD oder DVD, so dass keine aufw\u00e4ndige Verpackung und kein H\u00e4ndler-Netzwerk ben\u00f6tigt wird. Das erm\u00f6glicht, dass HELI-X zu einem sehr attraktiven Preis angeboten werden kann.<\/p>\n<h4>Diese HELI-X-Sessions sind im Augenblick aktiv:<\/h4>\n<table  border=\"1\">\r\n<tr>\r\n<th><b>Session Name<\/th>\r\n<th><b>Airport<\/b><\/th>\r\n<th><b>Pilots<\/b><\/th>\r\n<th><b>Private<\/b><\/th>\r\n<\/tr><tr><td>Heli-X Demo<\/td>\n<td>MVA-Almere<\/td>\n<td>0<\/td>\n<td>no<\/td>\n<\/tr>\n<tr><td>Breiti's Helischule<\/td>\n<td>MVA-Almere<\/td>\n<td>0<\/td>\n<td>yes<\/td>\n<\/tr>\n<tr><td>Heli-X Training<\/td>\n<td>Schorndorf<\/td>\n<td>0<\/td>\n<td>no<\/td>\n<\/tr>\n<tr><td>Helischule Gonzalez<\/td>\n<td>Nordsee<\/td>\n<td>0<\/td>\n<td>yes<\/td>\n<\/tr>\n<tr><td>Heli-X Simulanten<\/td>\n<td>EAB_Thumaide<\/td>\n<td>0<\/td>\n<td>no<\/td>\n<\/tr>\n<tr><td>Heli-X Training 2<\/td>\n<td>Nordsee<\/td>\n<td>0<\/td>\n<td>no<\/td>\n<\/tr>\n<tr><td>Helico_3D_France<\/td>\n<td>MVA-Almere<\/td>\n<td>0<\/td>\n<td>yes<\/td>\n<\/tr>\n<tr><td>Heli club (Members)<\/td>\n<td>Nordsee<\/td>\n<td>0<\/td>\n<td>yes<\/td>\n<\/tr>\n<tr><td>Heli club (Beginner class)<\/td>\n<td>MVA-Almere<\/td>\n<td>0<\/td>\n<td>no<\/td>\n<\/tr>\n<tr><td>Heli club (Heli_School)<\/td>\n<td>MVA-Almere<\/td>\n<td>0<\/td>\n<td>no<\/td>\n<\/tr>\n<tr><td>F3C\/N-DE<\/td>\n<td>F3C-Almere<\/td>\n<td>0<\/td>\n<td>yes<\/td>\n<\/tr>\n<tr><td>Viking 3d Masters<\/td>\n<td>Schorndorf<\/td>\n<td>0<\/td>\n<td>no<\/td>\n<\/tr>\n<tr><td>Pebble Creek<\/td>\n<td>Schorndorf<\/td>\n<td>0<\/td>\n<td>yes<\/td>\n<\/tr>\n<tr><td>MFC -Oschersleben-<\/td>\n<td>MVA-Almere<\/td>\n<td>0<\/td>\n<td>no<\/td>\n<\/tr>\n<tr><td>Session<\/td>\n<td>MVA-Almere<\/td>\n<td>0<\/td>\n<td>no<\/td>\n<\/tr>\n<\/table>\n","protected":false},"excerpt":{"rendered":"<p>Online &#8211; Multiplayer Der sogenannte Multiplayer-Modus erlaubt es in HELI-X, dass mehrere Piloten gemeinsam \u00fcber das Internet in einer Szene fliegen. So kann man gemeinsam mit anderen lernen und trainieren, chatten und einfach Spa\u00df haben. Innerhalb von HELI-X ist es m\u00f6glich, mit ein paar Mausklicks einen eigenen Game-Server zu starten. Damit kann man zum Beispiel [&hellip;]<\/p>\n","protected":false},"author":1,"featured_media":0,"parent":0,"menu_order":0,"comment_status":"closed","ping_status":"closed","template":"","meta":{"ngg_post_thumbnail":0,"footnotes":""},"class_list":["post-40","page","type-page","status-publish","hentry"],"_links":{"self":[{"href":"https:\/\/www.heli-x.info\/cms\/de\/wp-json\/wp\/v2\/pages\/40","targetHints":{"allow":["GET"]}}],"collection":[{"href":"https:\/\/www.heli-x.info\/cms\/de\/wp-json\/wp\/v2\/pages"}],"about":[{"href":"https:\/\/www.heli-x.info\/cms\/de\/wp-json\/wp\/v2\/types\/page"}],"author":[{"embeddable":true,"href":"https:\/\/www.heli-x.info\/cms\/de\/wp-json\/wp\/v2\/users\/1"}],"replies":[{"embeddable":true,"href":"https:\/\/www.heli-x.info\/cms\/de\/wp-json\/wp\/v2\/comments?post=40"}],"version-history":[{"count":4,"href":"https:\/\/www.heli-x.info\/cms\/de\/wp-json\/wp\/v2\/pages\/40\/revisions"}],"predecessor-version":[{"id":604,"href":"https:\/\/www.heli-x.info\/cms\/de\/wp-json\/wp\/v2\/pages\/40\/revisions\/604"}],"wp:attachment":[{"href":"https:\/\/www.heli-x.info\/cms\/de\/wp-json\/wp\/v2\/media?parent=40"}],"curies":[{"name":"wp","href":"https:\/\/api.w.org\/{rel}","templated":true}]}}