{"id":38,"date":"2015-04-08T20:41:51","date_gmt":"2015-04-08T20:41:51","guid":{"rendered":"http:\/\/www.heli-x.info\/cms\/de\/?page_id=38"},"modified":"2019-07-22T12:17:31","modified_gmt":"2019-07-22T12:17:31","slug":"multi-plattform","status":"publish","type":"page","link":"https:\/\/www.heli-x.info\/cms\/de\/multi-plattform\/","title":{"rendered":"Den Flugsimulator HELI-X gibt es f\u00fcr Windows, Mac OS X und Linux"},"content":{"rendered":"<h4>Multi-Plattform<\/h4>\n<p>Seit der ersten HELI-X-Version im Jahr 2007 ist HELI-X auf allen g\u00e4ngigen Betriebssystemen lauff\u00e4hig: Windows, Mac OS X und Linux. Es basiert auf OpenGL und erm\u00f6glicht dadurch eine 3D-Darstellung im h\u00f6chsten verf\u00fcgbaren Standard. Als registrierter Nutzer kann man die Lizenz unter allen Betriebssystemen verwenden. Auch der Multiplayer-Modus \u00fcber das Netzwerk arbeitet auf allen Betriebssystemen und erlaubt auch, dass jeder Pilot mit seinem Betriebssystem arbeiten kann.<\/p>\n<p>Die gleiche Flexibilit\u00e4t findet man bei der Implementierung des Input-Systems:<\/p>\n<ul>\n<li>Gef\u00fchrte Kalibrierung des Joysticks<\/li>\n<li>Sehr flexibles System zur Definition von Funktionen auf der Tastatur oder Joystick-Schaltern.<\/li>\n<\/ul>\n","protected":false},"excerpt":{"rendered":"<p>Multi-Plattform Seit der ersten HELI-X-Version im Jahr 2007 ist HELI-X auf allen g\u00e4ngigen Betriebssystemen lauff\u00e4hig: Windows, Mac OS X und Linux. Es basiert auf OpenGL und erm\u00f6glicht dadurch eine 3D-Darstellung im h\u00f6chsten verf\u00fcgbaren Standard. Als registrierter Nutzer kann man die Lizenz unter allen Betriebssystemen verwenden. Auch der Multiplayer-Modus \u00fcber das Netzwerk arbeitet auf allen Betriebssystemen [&hellip;]<\/p>\n","protected":false},"author":1,"featured_media":0,"parent":0,"menu_order":0,"comment_status":"closed","ping_status":"closed","template":"","meta":{"ngg_post_thumbnail":0,"footnotes":""},"class_list":["post-38","page","type-page","status-publish","hentry"],"_links":{"self":[{"href":"https:\/\/www.heli-x.info\/cms\/de\/wp-json\/wp\/v2\/pages\/38","targetHints":{"allow":["GET"]}}],"collection":[{"href":"https:\/\/www.heli-x.info\/cms\/de\/wp-json\/wp\/v2\/pages"}],"about":[{"href":"https:\/\/www.heli-x.info\/cms\/de\/wp-json\/wp\/v2\/types\/page"}],"author":[{"embeddable":true,"href":"https:\/\/www.heli-x.info\/cms\/de\/wp-json\/wp\/v2\/users\/1"}],"replies":[{"embeddable":true,"href":"https:\/\/www.heli-x.info\/cms\/de\/wp-json\/wp\/v2\/comments?post=38"}],"version-history":[{"count":4,"href":"https:\/\/www.heli-x.info\/cms\/de\/wp-json\/wp\/v2\/pages\/38\/revisions"}],"predecessor-version":[{"id":587,"href":"https:\/\/www.heli-x.info\/cms\/de\/wp-json\/wp\/v2\/pages\/38\/revisions\/587"}],"wp:attachment":[{"href":"https:\/\/www.heli-x.info\/cms\/de\/wp-json\/wp\/v2\/media?parent=38"}],"curies":[{"name":"wp","href":"https:\/\/api.w.org\/{rel}","templated":true}]}}