{"id":211,"date":"2015-04-09T13:52:45","date_gmt":"2015-04-09T13:52:45","guid":{"rendered":"http:\/\/www.heli-x.info\/cms\/de\/?page_id=211"},"modified":"2015-04-15T21:10:28","modified_gmt":"2015-04-15T21:10:28","slug":"credits","status":"publish","type":"page","link":"https:\/\/www.heli-x.info\/cms\/de\/credits\/","title":{"rendered":"Credits. Danke f\u00fcr die Beitr\u00e4ge f\u00fcr HELI-X."},"content":{"rendered":"<h4>Credits<\/h4>\n<p>Viele haben zum Gelingen von HELI-X beigetragen. Ein herzliches Dankesch\u00f6n geht an:<\/p>\n<ul>\n<li>Martin Hermann, f\u00fcr seinen unerm\u00fcdlichen Einsatz beim Entwickeln der ersten Version von HELI-X<\/li>\n<li>Marvin Fr\u00f6hlich und dem ganzen Entwickler-Team von <a href=\"http:\/\/www.xith.org\" target=\"_blank\">Xith3D<\/a><\/li>\n<li>Den Early-Beta-Testern Dr. Andreas Fischer, Mario Holzinger, <a href=\"http:\/\/www.treich.ch\" target=\"_blank\">Thomas Reich<\/a>, <a href=\"http:\/\/www.blenderbuch.de\" target=\"_blank\">Carsten Wartmann<\/a><\/li>\n<li><a href=\"http:\/\/www.mfgfalknis.li\" target=\"_blank\">Reto Gort<\/a> und <a href=\"http:\/\/www.treich.ch\" target=\"_blank\">Thomas Reich<\/a> f\u00fcr die Szenen Falknis und Alvier, <a href=\"http:\/\/klauserg.dyndns.org\/\" target=\"blank\">Gerhard Klauser<\/a> f\u00fcr 6 Szenen von Flugpl\u00e4tzen im Rheintal<\/li>\n<li>Michael Marker &#8211; f\u00fcr das Erstellen des Logos und des HELI-X-Schriftzugs<\/li>\n<li><a href=\"http:\/\/www.art-by-silke.de\" target=\"blank\">Silke Kustermann<\/a> &#8211; f\u00fcr das Malen des Bildes f\u00fcr den Splash Screen<\/li>\n<li><a href=\"http:\/\/www.szenerien.de\/index.php?option=com_content&amp;view=article&amp;id=54&amp;Itemid=60\" target=\"_blank\">Harald Bendschneider<\/a> und <a href=\"http:\/\/www.treichler.at\" target=\"_blank\">Klaus Treichler<\/a> f\u00fcr viele Szenen.<\/li>\n<li>Oliver Amann f\u00fcr seine Geduld und Unterst\u00fctzung bei der Beseitigung eines Sound-Problems unter Boot Camp (es wurden in vier Wochen 13 verschiedene Versionen getestet \ud83d\ude09<\/li>\n<li>Sebastian Zajonz f\u00fcr die Erlaubnis, dass wir sein FMS-Modell verwenden d\u00fcrfen als Basis f\u00fcr die HELIX-Familie, von der zwei 600er- und eine 450er-Version im ersten Release dabei sind.<\/li>\n<li>Markus Siering f\u00fcr seine Geduld beim Testen. Endlich sind die Crachs durch die Sound-Bibliothek Vergangenheit.<\/li>\n<li>Jeroen van &#8216;t Hert f\u00fcr das Bereitstellen einer 64-Bit Version der jInput-Library f\u00fcr Linux.<\/li>\n<li><a href=\"http:\/\/www.macmini-forum.de\" target=\"_blank\">J\u00f6rg Seyfried<\/a> hat die fehlenden Bibliotheken f\u00fcr die Mac OS X-Version von HELI-X erzeugt. Vielen Dank daf\u00fcr!<\/li>\n<li><a href=\"http:\/\/www.gliderpilot.de\" target=\"_blank\">Tobias Schulte<\/a> f\u00fcr das Bereitstellen einer 64-Bit Version der JOAL-Sound-Bibliothek f\u00fcr Linux.<\/li>\n<li><a href=\"http:\/\/www.mc-tinte.de\" target=\"_blank\">Mario Tilly<\/a> f\u00fcr die tollen Modelle von Honey Bee King 2, Dragonus, T-Rex 600. Und hoffentlich f\u00fcr noch viele weitere &#8230; \ud83d\ude09<\/li>\n<li>Carl Simard und Raymond Remiot f\u00fcr die \u00dcbersetzung von HELI-X in das Franz\u00f6sische.<\/li>\n<li><a href=\"http:\/\/www.wadim-wall.magix.net\/\" target=\"_blank\">Wadim Wall<\/a> f\u00fcr die beiden tollen Modelle des Henseleit ThreeDee Rigid. Auch f\u00fcr die Umsetzung der Farbauswahl.<\/li>\n<li><a href=\"http:\/\/www.steincs.de\/\" target=\"_blank\">Rainer Stein<\/a> f\u00fcr die \u00dcberarbeitung des Logo 600 (und hoffentlich f\u00fcr noch viele andere Modelle ;-))<\/li>\n<li>Rolf Rohner f\u00fcr die \u00dcberarbeitung von sehr vielen Modellen. Vielen Dank!<\/li>\n<li>Tomas Jedrzejek f\u00fcr die tschechiche \u00dcbersetzung.<\/li>\n<li>Oystein Lorentzen f\u00fcr die norwegische \u00dcbersetzung.<\/li>\n<li>Chris Kitzel f\u00fcr das Einfliegen der tollen Videos mit 3d-Figuren.<\/li>\n<li>Nick Fainbarg von den <a href=\"http:\/\/www.costamesastudios.com\" target=\"_blank\">Costa Mesa Studio<\/a> f\u00fcr die Hilfe mit Sound-Effekten.<\/li>\n<li><a href=\"http:\/\/www.youtube.com\/user\/cjvideoproductions\" target=\"_blank\">Chris Good<\/a> f\u00fcr das tolle Video f\u00fcr den Trailer.<\/li>\n<li><a href=\"http:\/\/www.malcdeakin.com\/\" target=\"_blank\">Malc Deakin<\/a> f\u00fcr die Musik des Trailers f\u00fcr Version 4.1.<\/li>\n<li><a href=\"http:\/\/www.facebook.com\/marek.brawanski\" target=\"_blank\">Marek Brawanski<\/a> f\u00fcr die polnische Version und das gute Testen von Beta-Versionen.<\/li>\n<li><a title=\"Paul Duerr\" href=\"http:\/\/sceneries.paulduerr.info\/\" target=\"_blank\">Paul Duerr<\/a> f\u00fcr viele, wirklich gelungene Flugpl\u00e4tze.<\/li>\n<li>Jan Stauffacher f\u00fcr viele tolle Modelle und die Garaen-Flugszene (und seine Hilfe bei vielen Videos).<\/li>\n<li><a href=\"https:\/\/www.facebook.com\/torsten.schmidt.3194524\" target=\"_blank\">Torsten Schmidt<\/a> f\u00fcr seine Modelle und tollen Texturen.<\/li>\n<li>Pascal Heuberger f\u00fcr das CAD-Modell des H250.<\/li>\n<li><a title=\"Martin Wycisk\" href=\"http:\/\/www.facebook.com\/martin.keks.9\" target=\"_blank\">Martin Wycisk<\/a> f\u00fcrs Testen und die tollen Flug-Videos.<\/li>\n<li><a title=\"Paul Duerr\" href=\"http:\/\/sceneries.paulduerr.info\/\" target=\"_blank\">Martin Koall<\/a> f\u00fcr viele tolle Flugpl\u00e4tze<\/li>\n<li><a title=\"RC Helipassion\" href=\"http:\/\/www.rc-helipassion.eu\/\" target=\"_blank\">Stefan Zils<\/a> f\u00fcr die Multiplayer-Online-Server.<\/li>\n<\/ul>\n<p>Ein besonderer Dank geht an <a href=\"http:\/\/www.crazy-tom.net\" target=\"_blank\">Thomas B\u00f6seler<\/a>. Er hat viele Stunden lang die Flugphysik von HELI-X auf Herz und Nieren gepr\u00fcft und so wesentlich zur jetzigen Qualit\u00e4t der Simulationsengine beigetragen.<\/p>\n","protected":false},"excerpt":{"rendered":"<p>Credits Viele haben zum Gelingen von HELI-X beigetragen. Ein herzliches Dankesch\u00f6n geht an: Martin Hermann, f\u00fcr seinen unerm\u00fcdlichen Einsatz beim Entwickeln der ersten Version von HELI-X Marvin Fr\u00f6hlich und dem ganzen Entwickler-Team von Xith3D Den Early-Beta-Testern Dr. Andreas Fischer, Mario Holzinger, Thomas Reich, Carsten Wartmann Reto Gort und Thomas Reich f\u00fcr die Szenen Falknis und [&hellip;]<\/p>\n","protected":false},"author":1,"featured_media":0,"parent":0,"menu_order":0,"comment_status":"closed","ping_status":"closed","template":"","meta":{"ngg_post_thumbnail":0,"footnotes":""},"class_list":["post-211","page","type-page","status-publish","hentry"],"_links":{"self":[{"href":"https:\/\/www.heli-x.info\/cms\/de\/wp-json\/wp\/v2\/pages\/211","targetHints":{"allow":["GET"]}}],"collection":[{"href":"https:\/\/www.heli-x.info\/cms\/de\/wp-json\/wp\/v2\/pages"}],"about":[{"href":"https:\/\/www.heli-x.info\/cms\/de\/wp-json\/wp\/v2\/types\/page"}],"author":[{"embeddable":true,"href":"https:\/\/www.heli-x.info\/cms\/de\/wp-json\/wp\/v2\/users\/1"}],"replies":[{"embeddable":true,"href":"https:\/\/www.heli-x.info\/cms\/de\/wp-json\/wp\/v2\/comments?post=211"}],"version-history":[{"count":4,"href":"https:\/\/www.heli-x.info\/cms\/de\/wp-json\/wp\/v2\/pages\/211\/revisions"}],"predecessor-version":[{"id":302,"href":"https:\/\/www.heli-x.info\/cms\/de\/wp-json\/wp\/v2\/pages\/211\/revisions\/302"}],"wp:attachment":[{"href":"https:\/\/www.heli-x.info\/cms\/de\/wp-json\/wp\/v2\/media?parent=211"}],"curies":[{"name":"wp","href":"https:\/\/api.w.org\/{rel}","templated":true}]}}