{"id":209,"date":"2015-04-09T13:46:06","date_gmt":"2015-04-09T13:46:06","guid":{"rendered":"http:\/\/www.heli-x.info\/cms\/de\/?page_id=209"},"modified":"2015-04-15T21:12:53","modified_gmt":"2015-04-15T21:12:53","slug":"fair-trading","status":"publish","type":"page","link":"https:\/\/www.heli-x.info\/cms\/de\/fair-trading\/","title":{"rendered":"HELI-X. Kostenlose Updates und ein fairer Umgang miteinander"},"content":{"rendered":"<h4>Fair Trading<\/h4>\n<p>Wir sind \u00fcberzeugt davon, dass ein fairer Umgang zwischen Kunde und Hersteller die beste Basis f\u00fcr jede langfristige\u00a0 Beziehung ist. Darum kann erwartet werden:<\/p>\n<ul>\n<li>Die Demoversion von HELI-X kann kostenlos heruntergeladen werden. Sie nimmt keine \u00c4nderungen am Betriebssystem oder der Registry vor. Sie enth\u00e4lt 5 Modelle und 2 Flugpl\u00e4tze. HELI-X kann so ausgiebig getestet werden. Registrieren sollte man nur, wenn man von HELI-X \u00fcberzeugt ist.<\/li>\n<li>Wenn man registriert, gilt die Lizenz f\u00fcr Windows, Mac OS X und Linux.<\/li>\n<li>Wenn es neue Versionen von HELI-X gibt (siehe z.B. <a title=\"Release Notes\" href=\"http:\/\/www.heli-x.info\/cms\/de\/release-notes\/\">hier<\/a>), erhalten registrierte Nutzer sie kostenlos.<\/li>\n<li>Da auf CDs, DVDs, Werbung, aufw\u00e4ndige Verpackungen und ein Netzwerk von H\u00e4ndlern verzichtet wird, kann HELI-X zu einem sehr g\u00fcnstigen Preis angeboten werden.<\/li>\n<\/ul>\n","protected":false},"excerpt":{"rendered":"<p>Fair Trading Wir sind \u00fcberzeugt davon, dass ein fairer Umgang zwischen Kunde und Hersteller die beste Basis f\u00fcr jede langfristige\u00a0 Beziehung ist. Darum kann erwartet werden: Die Demoversion von HELI-X kann kostenlos heruntergeladen werden. Sie nimmt keine \u00c4nderungen am Betriebssystem oder der Registry vor. Sie enth\u00e4lt 5 Modelle und 2 Flugpl\u00e4tze. HELI-X kann so ausgiebig [&hellip;]<\/p>\n","protected":false},"author":1,"featured_media":0,"parent":0,"menu_order":0,"comment_status":"closed","ping_status":"closed","template":"","meta":{"ngg_post_thumbnail":0,"footnotes":""},"class_list":["post-209","page","type-page","status-publish","hentry"],"_links":{"self":[{"href":"https:\/\/www.heli-x.info\/cms\/de\/wp-json\/wp\/v2\/pages\/209","targetHints":{"allow":["GET"]}}],"collection":[{"href":"https:\/\/www.heli-x.info\/cms\/de\/wp-json\/wp\/v2\/pages"}],"about":[{"href":"https:\/\/www.heli-x.info\/cms\/de\/wp-json\/wp\/v2\/types\/page"}],"author":[{"embeddable":true,"href":"https:\/\/www.heli-x.info\/cms\/de\/wp-json\/wp\/v2\/users\/1"}],"replies":[{"embeddable":true,"href":"https:\/\/www.heli-x.info\/cms\/de\/wp-json\/wp\/v2\/comments?post=209"}],"version-history":[{"count":2,"href":"https:\/\/www.heli-x.info\/cms\/de\/wp-json\/wp\/v2\/pages\/209\/revisions"}],"predecessor-version":[{"id":305,"href":"https:\/\/www.heli-x.info\/cms\/de\/wp-json\/wp\/v2\/pages\/209\/revisions\/305"}],"wp:attachment":[{"href":"https:\/\/www.heli-x.info\/cms\/de\/wp-json\/wp\/v2\/media?parent=209"}],"curies":[{"name":"wp","href":"https:\/\/api.w.org\/{rel}","templated":true}]}}