{"id":189,"date":"2015-04-09T13:22:50","date_gmt":"2015-04-09T13:22:50","guid":{"rendered":"http:\/\/www.heli-x.info\/cms\/de\/?page_id=189"},"modified":"2015-04-15T21:28:57","modified_gmt":"2015-04-15T21:28:57","slug":"system-anforderungen","status":"publish","type":"page","link":"https:\/\/www.heli-x.info\/cms\/de\/system-anforderungen\/","title":{"rendered":"Die System-Anforderungen f\u00fcr HELI-X f\u00fcr Windows, Mac OS X und Linux."},"content":{"rendered":"<h4>System-Anforderungen<\/h4>\n<p>HELI-X basiert auf Java und verwendet ein OpenGL-Grafik-Framework. Die \u00e4ltere Version 4.2 basiert auf OpenGL 1.2, ab Version 5.0 wird OpenGL in Version 2.0 ben\u00f6tigt. Grafikkarten, die die Anforderungen erf\u00fcllen, sind z.B. AMD\/ATI Radeon 9500, NVIDIA GeForce 5 FX, Intel GMA 4500, oder besser.<\/p>\n<p>Die Windows-Version wird mit einer aktuellen Java-Version ausgeliefert, die Mac OS X- und Linux-Distributionen von HELI-X erwarten, dass das Java JRE bereits auf dem Rechner installiert ist. Bei Linux bitte nicht OpenJDK sondern Java verwenden. F\u00fcr die Mac-OSX-Version wird diese Java-Version ben\u00f6tigt:\u00a0 <a href=\"https:\/\/support.apple.com\/kb\/DL1572\" target=\"_blank\">Java for OS X 2014-001<\/a>.<\/p>\n<p>F\u00fcr die Steuerung der Hubschrauber in HELI-X wird ein Joystick oder ein USB-Interface-Interface f\u00fcr Ihren Sender ben\u00f6tigt. Details sind <a title=\"Steuerung\" href=\"http:\/\/www.heli-x.info\/cms\/de\/steuerung\/\">hier<\/a> zu finden. HELI-X kann man nat\u00fcrlich auch ohne Joystick starten, aber eine Kontroller der Helikopter ist dann nicht m\u00f6glich.<\/p>\n<p>&nbsp;<\/p>\n","protected":false},"excerpt":{"rendered":"<p>System-Anforderungen HELI-X basiert auf Java und verwendet ein OpenGL-Grafik-Framework. Die \u00e4ltere Version 4.2 basiert auf OpenGL 1.2, ab Version 5.0 wird OpenGL in Version 2.0 ben\u00f6tigt. Grafikkarten, die die Anforderungen erf\u00fcllen, sind z.B. AMD\/ATI Radeon 9500, NVIDIA GeForce 5 FX, Intel GMA 4500, oder besser. Die Windows-Version wird mit einer aktuellen Java-Version ausgeliefert, die Mac [&hellip;]<\/p>\n","protected":false},"author":1,"featured_media":0,"parent":0,"menu_order":0,"comment_status":"closed","ping_status":"closed","template":"","meta":{"ngg_post_thumbnail":0,"footnotes":""},"class_list":["post-189","page","type-page","status-publish","hentry"],"_links":{"self":[{"href":"https:\/\/www.heli-x.info\/cms\/de\/wp-json\/wp\/v2\/pages\/189","targetHints":{"allow":["GET"]}}],"collection":[{"href":"https:\/\/www.heli-x.info\/cms\/de\/wp-json\/wp\/v2\/pages"}],"about":[{"href":"https:\/\/www.heli-x.info\/cms\/de\/wp-json\/wp\/v2\/types\/page"}],"author":[{"embeddable":true,"href":"https:\/\/www.heli-x.info\/cms\/de\/wp-json\/wp\/v2\/users\/1"}],"replies":[{"embeddable":true,"href":"https:\/\/www.heli-x.info\/cms\/de\/wp-json\/wp\/v2\/comments?post=189"}],"version-history":[{"count":2,"href":"https:\/\/www.heli-x.info\/cms\/de\/wp-json\/wp\/v2\/pages\/189\/revisions"}],"predecessor-version":[{"id":324,"href":"https:\/\/www.heli-x.info\/cms\/de\/wp-json\/wp\/v2\/pages\/189\/revisions\/324"}],"wp:attachment":[{"href":"https:\/\/www.heli-x.info\/cms\/de\/wp-json\/wp\/v2\/media?parent=189"}],"curies":[{"name":"wp","href":"https:\/\/api.w.org\/{rel}","templated":true}]}}