{"id":180,"date":"2015-04-09T12:32:23","date_gmt":"2015-04-09T12:32:23","guid":{"rendered":"http:\/\/www.heli-x.info\/cms\/de\/?page_id=180"},"modified":"2025-04-20T06:49:47","modified_gmt":"2025-04-20T06:49:47","slug":"release-notes","status":"publish","type":"page","link":"https:\/\/www.heli-x.info\/cms\/de\/release-notes\/","title":{"rendered":"Die Entwicklung von HELI-X. 2007-2025."},"content":{"rendered":"<h4>Release Notes<\/h4>\n<h4>Version 11.0, 2025-04-20 (Revision 2675)<\/h4>\n<p>Neue Features der Version 11.0 gegen\u00fcber der Version 10.1:<\/p>\n<ul>\n<li>Unterst\u00fctzung von Windows mit ARM-Prozessoren<\/li>\n<li>Bessere Performance<\/li>\n<li>Besserer Boden-Kontakt<\/li>\n<li>Bessere Rad-Physik<\/li>\n<li>Flugzeug-Physik verbessert<\/li>\n<li>Bessere Graphik, insbesondere bei den Schatten<\/li>\n<li>Vollbild-Modus stabiler<\/li>\n<li>Monitor-Frequenz einstellbar<\/li>\n<li>Wind-Physik verbessert<\/li>\n<li>Gravitation einstellbar<\/li>\n<li>Magnetische Kraft einstellbar<\/li>\n<li>Einige Trainings verbessert<\/li>\n<li>Zero-Crossing-Training<\/li>\n<li>Dot-Display<\/li>\n<li>Fixed-Stick Training<\/li>\n<li>Text-HUDs k\u00f6nnen verkleinert werden (relevant in VR)<\/li>\n<li>Uhr als HUD<\/li>\n<li>Crash-Zeit konfigurierbar<\/li>\n<li>Update von Resourcen im Hintergrund<\/li>\n<li>Resourcen k\u00f6nnen gel\u00f6scht werden<\/li>\n<li>Mehr Funktionen konfigurierbar<\/li>\n<li>Joystick-Konfiguration verbessert<\/li>\n<li>WLAN-Verbindung zur VBar stabiler<\/li>\n<li>Bessere Grafik in VR<\/li>\n<li>Neue GUI-Modes in VR<\/li>\n<li>In VR: GUI auch in Mirror-fenster verwendbar<\/li>\n<li>Multiplayer mit neuem Server als Stand-alone-Version<\/li>\n<li>Multiplayer stabiler<\/li>\n<li>Einige kleine Verbesserungen<\/li>\n<\/ul>\n<h4>Version 10.1, 2023-02-03 (Revision 2561)<\/h4>\n<p>Neue Features der Version 10.1 gegen\u00fcber der Version 10.0:<\/p>\n<ul>\n<li>Verbesserte Helikopter-Physik<\/li>\n<li>Bessere Wind-Physik<\/li>\n<li>Verbessertes Blenden durch die Sonne<\/li>\n<li>Drehende R\u00e4der<\/li>\n<li>R\u00e4der verschwinden bei der Comet<\/li>\n<li>Gezoomte Modelle auch in den Videos<\/li>\n<li>Verbesserte Farbauswahl bei den Modellen<\/li>\n<li>Neue Text-HUDs (Bank angle, pitch angle)<\/li>\n<li>Bewegte Stick-Anzeige<\/li>\n<li>Multi pilot position online airports<\/li>\n<li>Zuschauer-Modus<\/li>\n<li>Verbesserter Download<\/li>\n<li>Verbesserte Matrix-Anzeige, um die Sonnenrichtung besser festlegen zu k\u00f6nnen<\/li>\n<li>Einige kleinere Verbesserungen<\/li>\n<\/ul>\n<h4>Version 10.0, 2021-12-10 (Revision 2465)<\/h4>\n<p>Neue Features der Version 10.0 gegen\u00fcber der Version 9.2:<\/p>\n<ul>\n<li>Basiert auf einer neueren version der Grafik-Engine<\/li>\n<li>Unterst\u00fctzung von &#8220;Virtual Reality&#8221; (VR)<\/li>\n<li>Unterst\u00fctzung des M1-Prozessors von Apple<\/li>\n<li>Flugpl\u00e4tze vom Typ 4K mit einer h\u00f6heren Aufl\u00f6sung<\/li>\n<li>Bessere Grafik durch &#8220;physical based rendering&#8221;<\/li>\n<li>Shader f\u00fcr Wasser<\/li>\n<li>Die Steuerung kann nun gewechselt werden, w\u00e4hrend HELI-X l\u00e4uft<\/li>\n<li>Verwendung der aktuellen Position f\u00fcr die Trainings<\/li>\n<li>Und weitere kleinere \u00c4nderungen<\/li>\n<\/ul>\n<h4>Version 9.2, 2021-04-30 (Revision 2400)<\/h4>\n<p>Neue Features der Version 9.2 gegen\u00fcber der Version 9.1:<\/p>\n<ul>\n<li>Auggie&#8217;s instinctive training ring<\/li>\n<li>Funktion &#8220;Reset des Modells&#8221;<\/li>\n<\/ul>\n<h4>Version 9.1, 2020-12-19 (Revision 2318)<\/h4>\n<p>Neue Features der Version 9.1 gegen\u00fcber der Version 9.0:<\/p>\n<ul>\n<li>VBar Touch als Controller \u00fcber WLAN<\/li>\n<li>Drei Flugphasen (statt zwei)<\/li>\n<li>Neue HUDs f\u00fcr Position and H\u00f6he, mit M\u00f6glichkeit f\u00fcr Zoom<\/li>\n<li>Neues Text-HUD f\u00fcr Flugphasen<\/li>\n<li>Sprachausgabe f\u00fcr Flugphasen (mit Stimme der VBar)<\/li>\n<li>Butterfly-Querruder<\/li>\n<li>H\u00f6henleitwerk mit V-Form<\/li>\n<li>Verbessertes Umgebungslicht bei den Flugpl\u00e4tzen<\/li>\n<li>Favorite Start-Positionen<\/li>\n<li>Objekt-Zoom f\u00fcr eigenes Modell<\/li>\n<li>Verbesserungen beim Sound<\/li>\n<\/ul>\n<h4>Version 9.0, 2020-07-01 (Revision 2229)<\/h4>\n<p>Neue Features der Version 9.0 gegen\u00fcber der Version 8.0:<\/p>\n<p><strong>Global<\/strong><\/p>\n<ul>\n<li>4k Aufl\u00f6sung durch gr\u00f6ssere Zeichens\u00e4tze<\/li>\n<li>W\u00e4hlbare Startpositionen<\/li>\n<li>Handstart auch mit H\u00f6hen 50m, 100m, 150m<\/li>\n<li>Pilot-postion ausw\u00e4hlbar in 3d-Szenen<\/li>\n<li>Favoriten k\u00f6nnen auch im Auswahlfenster definiert werden<\/li>\n<li>Zeitlupe durch Tastatur schaltbar<\/li>\n<li>Ghost-Sticks<\/li>\n<li>Neu Sticks HUD4-in-1 Kn\u00fcppel HUD<\/li>\n<li>Definition von Videosegmenten, die speicherbar sind<\/li>\n<li>Vertikal-adpative Sicht in der Kamera<\/li>\n<li>Text-HUDs<\/li>\n<li>Klaibrations-Schalter bei der Sender-Konfiguration<\/li>\n<li>Split screen horizontal und vertikal<\/li>\n<\/ul>\n<p><strong>Modelle<\/strong><\/p>\n<ul>\n<li>Verbesserte physikalische modelle f\u00fcr Helikopter, Flugzeuge und<\/li>\n<li>Multikopter<\/li>\n<li>Schwerpunkt einstellbar<\/li>\n<li>Ausfahrbare Turbinen<\/li>\n<li>Neue Antriebssysteme (elektrisch und Verbrenner)<\/li>\n<li>Neues Sound-System<\/li>\n<li>Propeller mit variablem Pitch<\/li>\n<li>Verbesserter Bodeneffekt<\/li>\n<li>Verbessertes Stabilisations-System<\/li>\n<li>Rotor-Diks-Sichtbarkeit verbessert<\/li>\n<li>Downwash der Fl\u00fcgel verbessert<\/li>\n<li>Aerodynamik von Nurfl\u00fcgeln verbessert<\/li>\n<li>Pitch-Dynamik und Feed-Forward-Einstellungen in bei den Flugphasen einstellbar<\/li>\n<\/ul>\n<p><strong>Training<\/strong><\/p>\n<ul>\n<li>Replay-Training mit Speicherm\u00f6glichkeit<\/li>\n<li>Musik-Training<\/li>\n<\/ul>\n<p><strong>Multiplayer<\/strong><\/p>\n<ul>\n<li>Port-Mapping f\u00fcr Server m\u00f6glich<\/li>\n<\/ul>\n<p>&nbsp;<\/p>\n<h4>Version 8.0, 2019-02-28 (Revision 1912)<\/h4>\n<p>Neue Features der Version 8.0 gegen\u00fcber der Version 7.0:<\/p>\n<ul>\n<li>Unterst\u00fctzung von Flugzeugen<\/li>\n<li>Mehr Flugmodi f\u00fcr Dronen<\/li>\n<li>Controller-Einstellungen unterst\u00fctzen Tasten<\/li>\n<li>Trimmung<\/li>\n<li>Torque Training<\/li>\n<li>Notlandungstraining<\/li>\n<li>Trudel-Training<\/li>\n<li>Unterst\u00fctzung des StickMover<\/li>\n<li>Neues HUD (Simple HUD)<\/li>\n<li>HUD f\u00fcr Landeklappen und Einziehfahrwerk<\/li>\n<li>HUD f\u00fcr Stall-Warnung<\/li>\n<li>M\u00f6glichkeit f\u00fcr Hangflug<\/li>\n<li>Und viele andere \u00c4nderungen zur Verbesserung von HELI-X<\/li>\n<\/ul>\n<h4>Version 7.0, 2018-01-21 (Revision 1735)<\/h4>\n<p>Neue Features der Version 7.0 gegen\u00fcber der Version 6.1:<\/p>\n<ul>\n<li>Besserer Sound der Helikopter<\/li>\n<li>Bessere Grafik bei den Rotoren<\/li>\n<li>Aufwertung der Szenen<\/li>\n<li>Tracks f\u00fcr \u00dcbungen und FPV-Race<\/li>\n<li>Zwei Kameras mit Split-View<\/li>\n<li>Stick-Display verbessert<\/li>\n<li>Timer<\/li>\n<li>Video\u2013Export mit h\u00f6chster Qualit\u00e4t<\/li>\n<li>Und viele andere \u00c4nderungen zur Verbesserung von HELI-X<\/li>\n<\/ul>\n<h4>Version 6.1, 2017-01-01 (Revision 1651)<\/h4>\n<p>Neue Features der Version 6.1 gegen\u00fcber der Version 6.0:<\/p>\n<ul>\n<li>Neues, gro\u00dfes Head-Up-Display (HUD)<\/li>\n<li>Neuer FPV-Kamera-Modus, bei dem die Kamera immer waagrecht gehalten wird<\/li>\n<li>Neue FPV-Racing-Szene<\/li>\n<li>Neues physikalisches Modell f\u00fcr Collective-Pitch-Koaxial-Hubschrauber<\/li>\n<li>Rettungsfunktion, wie bei vielen Stabiliserungssystemen<\/li>\n<li>Einstellbare Rotor-Transparenz<\/li>\n<li>Schaukel-Modus im Schwebeflug-Training<\/li>\n<li>Und viele andere \u00c4nderungen zur Verbesserung von HELI-X<\/li>\n<\/ul>\n<h4>Version 6.0, 2015-10-05 (Revision 1616)<\/h4>\n<p>Kleine bug fixes (Kanal-Detektion).<\/p>\n<h4>Version 6.0, 2015-05-05 (Revision 1614)<\/h4>\n<p>Bug fixes (Kanal-Detektion).<\/p>\n<h4>Version 6.0, 2015-02-23 (Revision 1612)<\/h4>\n<p>Bug fixes.<\/p>\n<h4>Version 6.0, 2015-02-16 (Revision 1608)<\/h4>\n<p>Neue Features der Version 6.0 gegen\u00fcber der Version 5.0:<\/p>\n<ul>\n<li>Vollst\u00e4ndig OpenGL-basiert. Verzicht auf Java-Swing<\/li>\n<li>M\u00f6glichkeit f\u00fcr Full&#8211;Screen-Darstellung<\/li>\n<li>Blenden durch die Sonne und anisotroper Textur-Filter<\/li>\n<li>Verbesserte Aerodynamik<\/li>\n<li>Genauere Simulation des Bodeneffektes<\/li>\n<li>Verbesserte Motor\/Rotor-Kopplung<\/li>\n<li>Crash and retry Training<\/li>\n<li>Detail-Fenster<\/li>\n<li>Kameraeinstellung mit Boden-In-Sicht<\/li>\n<li>Verbesserte und neue Head-Up-Displays<\/li>\n<li>Getriebe-Animationen<\/li>\n<li>Und viele andere \u00c4nderungen zur Verbesserung von HELI-X<\/li>\n<\/ul>\n<h4>Version 5.0, 2014-01-01 (Revision 1405)<\/h4>\n<p>Neue Features der Version 5.0 gegen\u00fcber der Version 4.2:<\/p>\n<ul>\n<li>Bessere Grafik-Bibiothek, OpenGL 2.0. Unterst\u00fctzung von Shadern.<\/li>\n<li>Bessere Schatten, bessere Grafik.<\/li>\n<li>Verbesserte Flugplatz-Auswahl.<\/li>\n<li>3D CP-quadrocokter.<\/li>\n<li>Animationen von Helikopter-Teilen, Einziehfahrwerk, etc.<\/li>\n<li>Und viele andere \u00c4nderungen zur Verbesserung von HELI-X<\/li>\n<\/ul>\n<h4>Version 4.2, 2013-02-28 (Revision 1254)<\/h4>\n<p>Neue Features der Version 4.2 gegen\u00fcber der Version 4.1:<\/p>\n<ul>\n<li>Unterst\u00fctzung von Sendern mit 5 Kan\u00e4len<\/li>\n<li>Probleme mit der Joystick-Steuerung bei bestimmten Spracheinstellungen gel\u00f6st<\/li>\n<li>Bug bei der Kollision in Foto-Szenen entfernt<\/li>\n<li>Spanisch<\/li>\n<li>Kleinere \u00c4nderungen und Bug-Fixes<\/li>\n<\/ul>\n<h4>Version 4.1, 2012-09-07 (Revision 1203)<\/h4>\n<p>Neue Features der Version 4.1 gegen\u00fcber der Version 4.0:<\/p>\n<ul>\n<li>Multikopter werden unterst\u00fctzt (Trikopter, Quadrokopter und Hexakopter)<\/li>\n<li>Verbesserung des Bodeneffekts<\/li>\n<li>Verbesserung der Kollisionen<\/li>\n<li>Anzeige des Flugpfades f\u00fcr ein verbessertes Training<\/li>\n<li>Favoriten und Ignorier-Funktionalit\u00e4t<\/li>\n<li>Japanisch und Russisch<\/li>\n<li>Kleinere \u00c4nderungen und Bug-Fixes<\/li>\n<\/ul>\n<h4>Version 4.0, 2012-01-18 (Revision 1157)<\/h4>\n<p>Neue Features der Version 4.0 gegen\u00fcber der Version 3.0:<\/p>\n<ul>\n<li>Vereinfachte Downloads und Installationen von neuen Helikoptern, Airports, Szenen, Videos, etc.<\/li>\n<li>Physik f\u00fcr Koaxial-Helikopter<\/li>\n<li>Sender-Kurven mit Totzone f\u00fcr schw\u00e4chere Controller<\/li>\n<li>Reaktionstraining<\/li>\n<li>No-Pitch-Training<\/li>\n<li>Promendadentraining<\/li>\n<li>Funnel-Training<\/li>\n<li>Windrose<\/li>\n<li>Verbessertes Registrierungsverfahren<\/li>\n<li>Besserere Rotor-Reflexionen<\/li>\n<li>Darstellung beweglicher Rotoren bzw. Paddel<\/li>\n<li>Viele verbesserte Modelle<\/li>\n<li>Mehr Sprachen<\/li>\n<li>\u00dcberarbeitung der Tastatur und Schalter-Funktionen<\/li>\n<li>Weitere Detailverbesserungen<\/li>\n<\/ul>\n<h4>Version 3.0, 2010-07-05 (Revision 1088)<\/h4>\n<p>Neue Features der Version 3.0 gegen\u00fcber der Version 2.0:<\/p>\n<ul>\n<li>Crash-Objekte in fotorealistischen Szenen<\/li>\n<li>3d-Szenen<\/li>\n<li>Piloten-Standort variabel (in 3D-Szenen)<\/li>\n<li>FPV-View (in 3D-Szenen)<\/li>\n<li>Rauch<\/li>\n<li>Heckrotor-Sound<\/li>\n<li>Hintergrundger\u00e4usche<\/li>\n<li>Multiplayer mit \u00dcbergabe der Textur- und Farbinformation<\/li>\n<li>Basket-Training<\/li>\n<li>Lasso-Training<\/li>\n<li>Ausfall-Training<\/li>\n<li>Variable vertikale Helikopter-Position auf Bildschirm<\/li>\n<li>Objekt-Zoom<\/li>\n<li>Performance-Updates<\/li>\n<li>History-Funktion f\u00fcr Helikopter- und Flugplatzauswahl<\/li>\n<li>Plugins<\/li>\n<li>Statistik-Informationen<\/li>\n<li>Online-News<\/li>\n<\/ul>\n<h4>Version 2.0, 2009-07-04 (Revision 968)<\/h4>\n<p>Neu gegen\u00fcber Revision 965 sind einige Bugfixes, die nur schwache Rechner betreffen. Wer mit Revision 965 keine Schwierigkeiten hat, ben\u00f6tigt kein Update. Darum wird es nicht automatisch verschickt.<\/p>\n<h4>Version 2.0, 2009-06-08 (Revision 965)<\/h4>\n<p>Neue Features der Version 2.0 gegen\u00fcber der Version 1.1:<\/p>\n<ul>\n<li>Update der Helikopter-Physik<\/li>\n<li>Simulation von 3-Achsen-Gyro-Systemen<\/li>\n<li>Neue physikalische Objekte, Boxen, B\u00e4lle, etc.<\/li>\n<li>Ballon-Training<\/li>\n<li>Transport-Training<\/li>\n<li>K\u00e4fig-Training<\/li>\n<li>Import von VStabi-Einstellungen<\/li>\n<li>Anzeige eines Positionsmarkers<\/li>\n<li>Speicherbare Gas-und Pitchkurven<\/li>\n<li>Zeitlupenfunktion<\/li>\n<li>Franz\u00f6sische Version<\/li>\n<li>M\u00f6glichkeit f\u00fcr einen Game-Server (schon in der Demoversion)<\/li>\n<li>Bessere Anpassungen an die Performance der Hardware<\/li>\n<li>Neue Helikopter, Texturen mit Alpha-Kanal<\/li>\n<li>M\u00f6glichkeit, die Farben des Helis interaktiv zu w\u00e4hlen, z.B. beim ThreeDee Rigid.<\/li>\n<\/ul>\n<h4>Version 1.1, 2009-01-16 (Revision 872)<\/h4>\n<p>Was ist neu gegen\u00fcber Revision 871?<\/p>\n<ul>\n<li>Diese Version l\u00e4ft auch auf 32-Bit Macs (Intel und PPC). Voraussetzung ist Mac OS X 10.4 mit einer Java-Installation.<\/li>\n<li>Die Benutzer von Windows, Linux oder einem 64-Bit Mac ben\u00f6tigen <i>kein<\/i> Update.<\/li>\n<li>Darum bleibt auch die Versionsnummer gleich.<\/li>\n<\/ul>\n<h4>Version 1.1, 2009-01-10 (Revision 871)<\/h4>\n<p>Neue Features der Version 1.1 gegen\u00fcber der Version 1.0:<\/p>\n<ul>\n<li>Pitch- und Throttle-Kurven, M\u00f6glichkeit f\u00fcr Fixed-Pitch-Helis<\/li>\n<li>Gyroeinstellungen abh\u00e4ngig von Flugphasen<\/li>\n<li>Verbesserung der Gyro-Algorithmen, Simulation des Heckservos<\/li>\n<li>Autorotationstrainer<\/li>\n<li>Hecktrainer<\/li>\n<li>Stall-Meter<\/li>\n<li>Slip-Meter<\/li>\n<li>Rotorkopfinstabilit\u00e4t<\/li>\n<li>Verbesserung des Schwebetrainers<\/li>\n<li>Neue Funktionen f\u00fcr Tastatur und Controller<\/li>\n<li>Automatische Deaktivierung des Bildschirmschoners<\/li>\n<li>Verbesserung der grafischen Darstellung der drehenden Teile<\/li>\n<li>\u00c4nderung der Blickrichtung im Multiplayer-Betrieb nicht nur \u00fcber das Men\u00fc, sondern auch durch Klicken im Pilot-Fenster<\/li>\n<li>Neue Helis: T-Rex 600, Honey Bee King V2, Dragonus<\/li>\n<\/ul>\n<h4>Version 1.0, 2008-11-24 (Revision 839)<\/h4>\n<p>Neue Features der Version 1.0 gegen\u00fcber der Version 0.9:<\/p>\n<ul>\n<li>Sp\u00fcrbar bessere Performance<\/li>\n<li>Bessere physikalische Modelle<\/li>\n<li>Multiplayer-Modus \u00fcber das Internet<\/li>\n<li>Training mit Schwebetrainer<\/li>\n<li>Einblenden der Kn\u00fcppelstellungen<\/li>\n<li>Deutlich verbesserte Konfiguration des Senders bzw. Joysticks<\/li>\n<li>M\u00f6glichkeit f\u00fcr Indoor-Szenen mit Crash-W\u00e4nden<\/li>\n<li>Video-Funktionen<\/li>\n<li>Mehr Utilities (Heliports, Pylonen)<\/li>\n<li>Dual Rate\/Expo-Einstellungen<\/li>\n<li>Besserer Sound mit Blattger\u00e4uschen<\/li>\n<li>Bessere Kamera-Einstellungen<\/li>\n<li>Schattenkonfiguration<\/li>\n<li>Mehrere Sprachen (zurzeit deutsch und englisch)<\/li>\n<\/ul>\n<h4>Version 0.9, 2008-01-25<\/h4>\n<p>Die erste Version von HELI-X ist ver\u00f6ffentlicht.<\/p>\n","protected":false},"excerpt":{"rendered":"<p>Release Notes Version 11.0, 2025-04-20 (Revision 2675) Neue Features der Version 11.0 gegen\u00fcber der Version 10.1: Unterst\u00fctzung von Windows mit ARM-Prozessoren Bessere Performance Besserer Boden-Kontakt Bessere Rad-Physik Flugzeug-Physik verbessert Bessere Graphik, insbesondere bei den Schatten Vollbild-Modus stabiler Monitor-Frequenz einstellbar Wind-Physik verbessert Gravitation einstellbar Magnetische Kraft einstellbar Einige Trainings verbessert Zero-Crossing-Training Dot-Display Fixed-Stick Training Text-HUDs k\u00f6nnen [&hellip;]<\/p>\n","protected":false},"author":1,"featured_media":0,"parent":0,"menu_order":0,"comment_status":"closed","ping_status":"closed","template":"","meta":{"ngg_post_thumbnail":0,"footnotes":""},"class_list":["post-180","page","type-page","status-publish","hentry"],"_links":{"self":[{"href":"https:\/\/www.heli-x.info\/cms\/de\/wp-json\/wp\/v2\/pages\/180","targetHints":{"allow":["GET"]}}],"collection":[{"href":"https:\/\/www.heli-x.info\/cms\/de\/wp-json\/wp\/v2\/pages"}],"about":[{"href":"https:\/\/www.heli-x.info\/cms\/de\/wp-json\/wp\/v2\/types\/page"}],"author":[{"embeddable":true,"href":"https:\/\/www.heli-x.info\/cms\/de\/wp-json\/wp\/v2\/users\/1"}],"replies":[{"embeddable":true,"href":"https:\/\/www.heli-x.info\/cms\/de\/wp-json\/wp\/v2\/comments?post=180"}],"version-history":[{"count":21,"href":"https:\/\/www.heli-x.info\/cms\/de\/wp-json\/wp\/v2\/pages\/180\/revisions"}],"predecessor-version":[{"id":1025,"href":"https:\/\/www.heli-x.info\/cms\/de\/wp-json\/wp\/v2\/pages\/180\/revisions\/1025"}],"wp:attachment":[{"href":"https:\/\/www.heli-x.info\/cms\/de\/wp-json\/wp\/v2\/media?parent=180"}],"curies":[{"name":"wp","href":"https:\/\/api.w.org\/{rel}","templated":true}]}}