{"id":141,"date":"2015-04-08T22:11:05","date_gmt":"2015-04-08T22:11:05","guid":{"rendered":"http:\/\/www.heli-x.info\/cms\/de\/?page_id=141"},"modified":"2019-07-23T13:16:03","modified_gmt":"2019-07-23T13:16:03","slug":"flugplatze-scene3d","status":"publish","type":"page","link":"https:\/\/www.heli-x.info\/cms\/de\/flugplatze-scene3d\/","title":{"rendered":"Welche Flugpl\u00e4tze gibt es f\u00fcr den Helikopter-Simulator HELI-X?"},"content":{"rendered":"<h4>Flugpl\u00e4tze Scene3D<\/h4>\n<p>Einige Bilder von Flugpl\u00e4tzen vom Typ Scene3D<\/p>\nngg_shortcode_0_placeholder\n","protected":false},"excerpt":{"rendered":"<p>Flugpl\u00e4tze Scene3D Einige Bilder von Flugpl\u00e4tzen vom Typ Scene3D<\/p>\n","protected":false},"author":1,"featured_media":0,"parent":0,"menu_order":0,"comment_status":"closed","ping_status":"closed","template":"","meta":{"ngg_post_thumbnail":0,"footnotes":""},"class_list":["post-141","page","type-page","status-publish","hentry"],"_links":{"self":[{"href":"https:\/\/www.heli-x.info\/cms\/de\/wp-json\/wp\/v2\/pages\/141","targetHints":{"allow":["GET"]}}],"collection":[{"href":"https:\/\/www.heli-x.info\/cms\/de\/wp-json\/wp\/v2\/pages"}],"about":[{"href":"https:\/\/www.heli-x.info\/cms\/de\/wp-json\/wp\/v2\/types\/page"}],"author":[{"embeddable":true,"href":"https:\/\/www.heli-x.info\/cms\/de\/wp-json\/wp\/v2\/users\/1"}],"replies":[{"embeddable":true,"href":"https:\/\/www.heli-x.info\/cms\/de\/wp-json\/wp\/v2\/comments?post=141"}],"version-history":[{"count":3,"href":"https:\/\/www.heli-x.info\/cms\/de\/wp-json\/wp\/v2\/pages\/141\/revisions"}],"predecessor-version":[{"id":607,"href":"https:\/\/www.heli-x.info\/cms\/de\/wp-json\/wp\/v2\/pages\/141\/revisions\/607"}],"wp:attachment":[{"href":"https:\/\/www.heli-x.info\/cms\/de\/wp-json\/wp\/v2\/media?parent=141"}],"curies":[{"name":"wp","href":"https:\/\/api.w.org\/{rel}","templated":true}]}}